{"id":8700,"date":"2024-03-08T15:05:09","date_gmt":"2024-03-08T18:05:09","guid":{"rendered":"https:\/\/oftalmedbrasil.com.br\/?page_id=8700"},"modified":"2024-03-08T15:29:49","modified_gmt":"2024-03-08T18:29:49","slug":"fale-conosco","status":"publish","type":"page","link":"https:\/\/oftalmedbrasil.com.br\/?page_id=8700","title":{"rendered":"Pesquisa de Satisfa\u00e7\u00e3o"},"content":{"rendered":"\n<div class=\"wp-block-columns is-layout-flex wp-container-core-columns-is-layout-1 wp-block-columns-is-layout-flex\">\n<div class=\"wp-block-column is-layout-flow wp-block-column-is-layout-flow\" style=\"flex-basis:66.66%\">\n<p style=\"text-align: left;\">Prezado(a) Paciente,<br \/>Agradecemos por escolher o Instituto de Olhos Oftalmend para cuidar da sua sa\u00fade ocular. <br \/>Sua opini\u00e3o \u00e9 fundamental para podermos aprimorar nossos servi\u00e7os e oferecer um atendimento cada vez melhor.<\/p>\n<p style=\"text-align: left;\">Por favor, responda \u00e0s seguintes perguntas, utilizando uma escala de 0 a 10, onde 0 significa &#8220;Muito Insatisfeito&#8221; e 10 significa &#8220;Muito Satisfeito&#8221;.<\/p>\n<\/div>\n<\/div>\n\n\n\n<div class=\"wp-block-columns is-layout-flex wp-container-core-columns-is-layout-2 wp-block-columns-is-layout-flex\">\n<div class=\"wp-block-column is-layout-flow wp-block-column-is-layout-flow\" style=\"flex-basis:66.66%\"><style id=\"wpforms-css-vars-root\">\n\t\t\t\t:root {\n\t\t\t\t\t--wpforms-field-border-radius: 3px;\n--wpforms-field-background-color: #ffffff;\n--wpforms-field-border-color: rgba( 0, 0, 0, 0.25 );\n--wpforms-field-text-color: rgba( 0, 0, 0, 0.7 );\n--wpforms-label-color: rgba( 0, 0, 0, 0.85 );\n--wpforms-label-sublabel-color: rgba( 0, 0, 0, 0.55 );\n--wpforms-label-error-color: #d63637;\n--wpforms-button-border-radius: 3px;\n--wpforms-button-background-color: #066aab;\n--wpforms-button-text-color: #ffffff;\n--wpforms-page-break-color: #066aab;\n--wpforms-field-size-input-height: 43px;\n--wpforms-field-size-input-spacing: 15px;\n--wpforms-field-size-font-size: 16px;\n--wpforms-field-size-line-height: 19px;\n--wpforms-field-size-padding-h: 14px;\n--wpforms-field-size-checkbox-size: 16px;\n--wpforms-field-size-sublabel-spacing: 5px;\n--wpforms-field-size-icon-size: 1;\n--wpforms-label-size-font-size: 16px;\n--wpforms-label-size-line-height: 19px;\n--wpforms-label-size-sublabel-font-size: 14px;\n--wpforms-label-size-sublabel-line-height: 17px;\n--wpforms-button-size-font-size: 17px;\n--wpforms-button-size-height: 41px;\n--wpforms-button-size-padding-h: 15px;\n--wpforms-button-size-margin-top: 10px;\n\n\t\t\t\t}\n\t\t\t<\/style><div class=\"wpforms-container wpforms-container-full wpforms-block wpforms-block-7f9f8cca-e93c-4339-b6e6-519b82a03e76 wpforms-render-modern\" id=\"wpforms-8649\"><form id=\"wpforms-form-8649\" class=\"wpforms-validate wpforms-form wpforms-ajax-form\" data-formid=\"8649\" method=\"post\" enctype=\"multipart\/form-data\" action=\"\/index.php?rest_route=%2Fwp%2Fv2%2Fpages%2F8700\" data-token=\"c9614bd0950a1aff9932cc84acbe1bd1\"><noscript class=\"wpforms-error-noscript\">Please enable JavaScript in your browser to complete this form.<\/noscript><div class=\"wpforms-hidden\" id=\"wpforms-error-noscript\">Please enable JavaScript in your browser to complete this form.<\/div><div class=\"wpforms-field-container\"><div id=\"wpforms-8649-field_2-container\" class=\"wpforms-field wpforms-field-name\" data-field-id=\"2\"><fieldset><legend class=\"wpforms-field-label\">Nome <span class=\"wpforms-required-label\" aria-hidden=\"true\">*<\/span><\/legend><div class=\"wpforms-field-row wpforms-field-medium\"><div class=\"wpforms-field-row-block wpforms-first wpforms-one-half\"><input type=\"text\" id=\"wpforms-8649-field_2\" class=\"wpforms-field-name-first wpforms-field-required\" name=\"wpforms[fields][2][first]\" aria-errormessage=\"wpforms-8649-field_2-error\" required><label for=\"wpforms-8649-field_2\" class=\"wpforms-field-sublabel after \">First<\/label><\/div><div class=\"wpforms-field-row-block wpforms-one-half\"><input type=\"text\" id=\"wpforms-8649-field_2-last\" class=\"wpforms-field-name-last wpforms-field-required\" name=\"wpforms[fields][2][last]\" aria-errormessage=\"wpforms-8649-field_2-last-error\" required><label for=\"wpforms-8649-field_2-last\" class=\"wpforms-field-sublabel after \">Last<\/label><\/div><\/div><\/fieldset><\/div><div id=\"wpforms-8649-field_3-container\" class=\"wpforms-field wpforms-field-email\" data-field-id=\"3\"><label class=\"wpforms-field-label\" for=\"wpforms-8649-field_3\">E-mail <span class=\"wpforms-required-label\" aria-hidden=\"true\">*<\/span><\/label><input type=\"email\" id=\"wpforms-8649-field_3\" class=\"wpforms-field-medium wpforms-field-required\" name=\"wpforms[fields][3]\" spellcheck=\"false\" aria-errormessage=\"wpforms-8649-field_3-error\" required><\/div><div id=\"wpforms-8649-field_4-container\" class=\"wpforms-field wpforms-field-radio wpforms-list-inline\" data-field-id=\"4\"><fieldset><legend class=\"wpforms-field-label\">1. Em uma escala de 0 a 10, o quanto voc\u00ea recomendaria o nosso Instituto de Olhos a um amigo, familiar ou colega?<\/legend><ul id=\"wpforms-8649-field_4\"><li class=\"choice-1 depth-1\"><input type=\"radio\" id=\"wpforms-8649-field_4_1\" name=\"wpforms[fields][4]\" value=\"1\" aria-errormessage=\"wpforms-8649-field_4_1-error\"  ><label class=\"wpforms-field-label-inline\" for=\"wpforms-8649-field_4_1\">1<\/label><\/li><li class=\"choice-2 depth-1\"><input type=\"radio\" id=\"wpforms-8649-field_4_2\" name=\"wpforms[fields][4]\" value=\"2\" aria-errormessage=\"wpforms-8649-field_4_2-error\"  ><label class=\"wpforms-field-label-inline\" for=\"wpforms-8649-field_4_2\">2<\/label><\/li><li class=\"choice-3 depth-1\"><input type=\"radio\" id=\"wpforms-8649-field_4_3\" name=\"wpforms[fields][4]\" value=\"3\" aria-errormessage=\"wpforms-8649-field_4_3-error\"  ><label class=\"wpforms-field-label-inline\" for=\"wpforms-8649-field_4_3\">3<\/label><\/li><li class=\"choice-8 depth-1\"><input type=\"radio\" id=\"wpforms-8649-field_4_8\" name=\"wpforms[fields][4]\" value=\"4\" aria-errormessage=\"wpforms-8649-field_4_8-error\"  ><label class=\"wpforms-field-label-inline\" for=\"wpforms-8649-field_4_8\">4<\/label><\/li><li class=\"choice-7 depth-1\"><input type=\"radio\" id=\"wpforms-8649-field_4_7\" name=\"wpforms[fields][4]\" value=\"5\" aria-errormessage=\"wpforms-8649-field_4_7-error\"  ><label class=\"wpforms-field-label-inline\" for=\"wpforms-8649-field_4_7\">5<\/label><\/li><li class=\"choice-6 depth-1\"><input type=\"radio\" id=\"wpforms-8649-field_4_6\" name=\"wpforms[fields][4]\" value=\"6\" aria-errormessage=\"wpforms-8649-field_4_6-error\"  ><label class=\"wpforms-field-label-inline\" for=\"wpforms-8649-field_4_6\">6<\/label><\/li><li class=\"choice-5 depth-1\"><input type=\"radio\" id=\"wpforms-8649-field_4_5\" name=\"wpforms[fields][4]\" value=\"7\" aria-errormessage=\"wpforms-8649-field_4_5-error\"  ><label class=\"wpforms-field-label-inline\" for=\"wpforms-8649-field_4_5\">7<\/label><\/li><li class=\"choice-4 depth-1\"><input type=\"radio\" id=\"wpforms-8649-field_4_4\" name=\"wpforms[fields][4]\" value=\"8\" aria-errormessage=\"wpforms-8649-field_4_4-error\"  ><label class=\"wpforms-field-label-inline\" for=\"wpforms-8649-field_4_4\">8<\/label><\/li><li class=\"choice-9 depth-1\"><input type=\"radio\" id=\"wpforms-8649-field_4_9\" name=\"wpforms[fields][4]\" value=\"9\" aria-errormessage=\"wpforms-8649-field_4_9-error\"  ><label class=\"wpforms-field-label-inline\" for=\"wpforms-8649-field_4_9\">9<\/label><\/li><li class=\"choice-10 depth-1\"><input type=\"radio\" id=\"wpforms-8649-field_4_10\" name=\"wpforms[fields][4]\" value=\"10\" aria-errormessage=\"wpforms-8649-field_4_10-error\"  ><label class=\"wpforms-field-label-inline\" for=\"wpforms-8649-field_4_10\">10<\/label><\/li><\/ul><\/fieldset><\/div><div id=\"wpforms-8649-field_5-container\" class=\"wpforms-field wpforms-field-textarea\" data-field-id=\"5\"><label class=\"wpforms-field-label\" for=\"wpforms-8649-field_5\">2. Quais foram os motivos que o(a) levaram a dar a nota acima? (Opcional)<\/label><textarea id=\"wpforms-8649-field_5\" class=\"wpforms-field-medium\" name=\"wpforms[fields][5]\" aria-errormessage=\"wpforms-8649-field_5-error\" ><\/textarea><\/div><div id=\"wpforms-8649-field_6-container\" class=\"wpforms-field wpforms-field-radio\" data-field-id=\"6\"><fieldset><legend class=\"wpforms-field-label\">3. Como voc\u00ea avalia a qualidade do atendimento recebido pela nossa equipe?<\/legend><ul id=\"wpforms-8649-field_6\"><li class=\"choice-1 depth-1\"><input type=\"radio\" id=\"wpforms-8649-field_6_1\" name=\"wpforms[fields][6]\" value=\"Muito Insatisfat\u00f3rio\" aria-errormessage=\"wpforms-8649-field_6_1-error\"  ><label class=\"wpforms-field-label-inline\" for=\"wpforms-8649-field_6_1\">Muito Insatisfat\u00f3rio<\/label><\/li><li class=\"choice-2 depth-1\"><input type=\"radio\" id=\"wpforms-8649-field_6_2\" name=\"wpforms[fields][6]\" value=\"Insatisfat\u00f3rio\" aria-errormessage=\"wpforms-8649-field_6_2-error\"  ><label class=\"wpforms-field-label-inline\" for=\"wpforms-8649-field_6_2\">Insatisfat\u00f3rio<\/label><\/li><li class=\"choice-3 depth-1\"><input type=\"radio\" id=\"wpforms-8649-field_6_3\" name=\"wpforms[fields][6]\" value=\"Neutro\" aria-errormessage=\"wpforms-8649-field_6_3-error\"  ><label class=\"wpforms-field-label-inline\" for=\"wpforms-8649-field_6_3\">Neutro<\/label><\/li><li class=\"choice-6 depth-1\"><input type=\"radio\" id=\"wpforms-8649-field_6_6\" name=\"wpforms[fields][6]\" value=\"Satisfat\u00f3rio\" aria-errormessage=\"wpforms-8649-field_6_6-error\"  ><label class=\"wpforms-field-label-inline\" for=\"wpforms-8649-field_6_6\">Satisfat\u00f3rio<\/label><\/li><li class=\"choice-5 depth-1\"><input type=\"radio\" id=\"wpforms-8649-field_6_5\" name=\"wpforms[fields][6]\" value=\"Muito Satisfat\u00f3rio\" aria-errormessage=\"wpforms-8649-field_6_5-error\"  ><label class=\"wpforms-field-label-inline\" for=\"wpforms-8649-field_6_5\">Muito Satisfat\u00f3rio<\/label><\/li><\/ul><\/fieldset><\/div><div id=\"wpforms-8649-field_7-container\" class=\"wpforms-field wpforms-field-radio\" data-field-id=\"7\"><fieldset><legend class=\"wpforms-field-label\">4. Como voc\u00ea avalia a pontualidade das consultas em nossa Hospital?<\/legend><ul id=\"wpforms-8649-field_7\"><li class=\"choice-1 depth-1\"><input type=\"radio\" id=\"wpforms-8649-field_7_1\" name=\"wpforms[fields][7]\" value=\"Muito Insatisfat\u00f3rio\" aria-errormessage=\"wpforms-8649-field_7_1-error\"  ><label class=\"wpforms-field-label-inline\" for=\"wpforms-8649-field_7_1\">Muito Insatisfat\u00f3rio<\/label><\/li><li class=\"choice-2 depth-1\"><input type=\"radio\" id=\"wpforms-8649-field_7_2\" name=\"wpforms[fields][7]\" value=\"Insatisfat\u00f3rio\" aria-errormessage=\"wpforms-8649-field_7_2-error\"  ><label class=\"wpforms-field-label-inline\" for=\"wpforms-8649-field_7_2\">Insatisfat\u00f3rio<\/label><\/li><li class=\"choice-3 depth-1\"><input type=\"radio\" id=\"wpforms-8649-field_7_3\" name=\"wpforms[fields][7]\" value=\"Neutro\" aria-errormessage=\"wpforms-8649-field_7_3-error\"  ><label class=\"wpforms-field-label-inline\" for=\"wpforms-8649-field_7_3\">Neutro<\/label><\/li><li class=\"choice-4 depth-1\"><input type=\"radio\" id=\"wpforms-8649-field_7_4\" name=\"wpforms[fields][7]\" value=\"Satisfat\u00f3rio\" aria-errormessage=\"wpforms-8649-field_7_4-error\"  ><label class=\"wpforms-field-label-inline\" for=\"wpforms-8649-field_7_4\">Satisfat\u00f3rio<\/label><\/li><li class=\"choice-5 depth-1\"><input type=\"radio\" id=\"wpforms-8649-field_7_5\" name=\"wpforms[fields][7]\" value=\"Muito Satisfat\u00f3rio\" aria-errormessage=\"wpforms-8649-field_7_5-error\"  ><label class=\"wpforms-field-label-inline\" for=\"wpforms-8649-field_7_5\">Muito Satisfat\u00f3rio<\/label><\/li><\/ul><\/fieldset><\/div><div id=\"wpforms-8649-field_8-container\" class=\"wpforms-field wpforms-field-radio\" data-field-id=\"8\"><fieldset><legend class=\"wpforms-field-label\">5. Qual \u00e9 a sua opini\u00e3o sobre a clareza das explica\u00e7\u00f5es dadas pelo m\u00e9dico durante a consulta?<\/legend><ul id=\"wpforms-8649-field_8\"><li class=\"choice-1 depth-1\"><input type=\"radio\" id=\"wpforms-8649-field_8_1\" name=\"wpforms[fields][8]\" value=\"Muito Pouco Clara\" aria-errormessage=\"wpforms-8649-field_8_1-error\"  ><label class=\"wpforms-field-label-inline\" for=\"wpforms-8649-field_8_1\">Muito Pouco Clara<\/label><\/li><li class=\"choice-2 depth-1\"><input type=\"radio\" id=\"wpforms-8649-field_8_2\" name=\"wpforms[fields][8]\" value=\"Pouco Clara\" aria-errormessage=\"wpforms-8649-field_8_2-error\"  ><label class=\"wpforms-field-label-inline\" for=\"wpforms-8649-field_8_2\">Pouco Clara<\/label><\/li><li class=\"choice-3 depth-1\"><input type=\"radio\" id=\"wpforms-8649-field_8_3\" name=\"wpforms[fields][8]\" value=\"Neutra\" aria-errormessage=\"wpforms-8649-field_8_3-error\"  ><label class=\"wpforms-field-label-inline\" for=\"wpforms-8649-field_8_3\">Neutra<\/label><\/li><li class=\"choice-4 depth-1\"><input type=\"radio\" id=\"wpforms-8649-field_8_4\" name=\"wpforms[fields][8]\" value=\"Clara\" aria-errormessage=\"wpforms-8649-field_8_4-error\"  ><label class=\"wpforms-field-label-inline\" for=\"wpforms-8649-field_8_4\">Clara<\/label><\/li><li class=\"choice-5 depth-1\"><input type=\"radio\" id=\"wpforms-8649-field_8_5\" name=\"wpforms[fields][8]\" value=\"Muito Clara\" aria-errormessage=\"wpforms-8649-field_8_5-error\"  ><label class=\"wpforms-field-label-inline\" for=\"wpforms-8649-field_8_5\">Muito Clara<\/label><\/li><\/ul><\/fieldset><\/div><div id=\"wpforms-8649-field_9-container\" class=\"wpforms-field wpforms-field-radio\" data-field-id=\"9\"><fieldset><legend class=\"wpforms-field-label\">6. Como voc\u00ea classifica a variedade de servi\u00e7os e tratamentos oferecidos em nossa cl\u00ednica?<\/legend><ul id=\"wpforms-8649-field_9\"><li class=\"choice-1 depth-1\"><input type=\"radio\" id=\"wpforms-8649-field_9_1\" name=\"wpforms[fields][9]\" value=\"Muito Limitada\" aria-errormessage=\"wpforms-8649-field_9_1-error\"  ><label class=\"wpforms-field-label-inline\" for=\"wpforms-8649-field_9_1\">Muito Limitada<\/label><\/li><li class=\"choice-2 depth-1\"><input type=\"radio\" id=\"wpforms-8649-field_9_2\" name=\"wpforms[fields][9]\" value=\"Limitada\" aria-errormessage=\"wpforms-8649-field_9_2-error\"  ><label class=\"wpforms-field-label-inline\" for=\"wpforms-8649-field_9_2\">Limitada<\/label><\/li><li class=\"choice-3 depth-1\"><input type=\"radio\" id=\"wpforms-8649-field_9_3\" name=\"wpforms[fields][9]\" value=\"Adequada\" aria-errormessage=\"wpforms-8649-field_9_3-error\"  ><label class=\"wpforms-field-label-inline\" for=\"wpforms-8649-field_9_3\">Adequada<\/label><\/li><li class=\"choice-4 depth-1\"><input type=\"radio\" id=\"wpforms-8649-field_9_4\" name=\"wpforms[fields][9]\" value=\"Boa\" aria-errormessage=\"wpforms-8649-field_9_4-error\"  ><label class=\"wpforms-field-label-inline\" for=\"wpforms-8649-field_9_4\">Boa<\/label><\/li><li class=\"choice-5 depth-1\"><input type=\"radio\" id=\"wpforms-8649-field_9_5\" name=\"wpforms[fields][9]\" value=\"Excelente\" aria-errormessage=\"wpforms-8649-field_9_5-error\"  ><label class=\"wpforms-field-label-inline\" for=\"wpforms-8649-field_9_5\">Excelente<\/label><\/li><\/ul><\/fieldset><\/div><div id=\"wpforms-8649-field_10-container\" class=\"wpforms-field wpforms-field-radio\" data-field-id=\"10\"><fieldset><legend class=\"wpforms-field-label\">7. Voc\u00ea teve uma boa compreens\u00e3o das op\u00e7\u00f5es de tratamento recomendadas?<\/legend><ul id=\"wpforms-8649-field_10\"><li class=\"choice-1 depth-1\"><input type=\"radio\" id=\"wpforms-8649-field_10_1\" name=\"wpforms[fields][10]\" value=\"N\u00e3o Compreendi\" aria-errormessage=\"wpforms-8649-field_10_1-error\"  ><label class=\"wpforms-field-label-inline\" for=\"wpforms-8649-field_10_1\">N\u00e3o Compreendi<\/label><\/li><li class=\"choice-2 depth-1\"><input type=\"radio\" id=\"wpforms-8649-field_10_2\" name=\"wpforms[fields][10]\" value=\"Compreendi Parcialmente\" aria-errormessage=\"wpforms-8649-field_10_2-error\"  ><label class=\"wpforms-field-label-inline\" for=\"wpforms-8649-field_10_2\">Compreendi Parcialmente<\/label><\/li><li class=\"choice-3 depth-1\"><input type=\"radio\" id=\"wpforms-8649-field_10_3\" name=\"wpforms[fields][10]\" value=\"Neutro\" aria-errormessage=\"wpforms-8649-field_10_3-error\"  ><label class=\"wpforms-field-label-inline\" for=\"wpforms-8649-field_10_3\">Neutro<\/label><\/li><li class=\"choice-4 depth-1\"><input type=\"radio\" id=\"wpforms-8649-field_10_4\" name=\"wpforms[fields][10]\" value=\"Compreendi\" aria-errormessage=\"wpforms-8649-field_10_4-error\"  ><label class=\"wpforms-field-label-inline\" for=\"wpforms-8649-field_10_4\">Compreendi<\/label><\/li><li class=\"choice-5 depth-1\"><input type=\"radio\" id=\"wpforms-8649-field_10_5\" name=\"wpforms[fields][10]\" value=\"Compreendi Muito Bem\" aria-errormessage=\"wpforms-8649-field_10_5-error\"  ><label class=\"wpforms-field-label-inline\" for=\"wpforms-8649-field_10_5\">Compreendi Muito Bem<\/label><\/li><\/ul><\/fieldset><\/div><div id=\"wpforms-8649-field_11-container\" class=\"wpforms-field wpforms-field-radio\" data-field-id=\"11\"><fieldset><legend class=\"wpforms-field-label\">8. O ambiente da cl\u00ednica proporcionou conforto e bem-estar durante a sua visita?<\/legend><ul id=\"wpforms-8649-field_11\"><li class=\"choice-1 depth-1\"><input type=\"radio\" id=\"wpforms-8649-field_11_1\" name=\"wpforms[fields][11]\" value=\"Muito Desconfort\u00e1vel\" aria-errormessage=\"wpforms-8649-field_11_1-error\"  ><label class=\"wpforms-field-label-inline\" for=\"wpforms-8649-field_11_1\">Muito Desconfort\u00e1vel<\/label><\/li><li class=\"choice-2 depth-1\"><input type=\"radio\" id=\"wpforms-8649-field_11_2\" name=\"wpforms[fields][11]\" value=\"Desconfort\u00e1vel\" aria-errormessage=\"wpforms-8649-field_11_2-error\"  ><label class=\"wpforms-field-label-inline\" for=\"wpforms-8649-field_11_2\">Desconfort\u00e1vel<\/label><\/li><li class=\"choice-3 depth-1\"><input type=\"radio\" id=\"wpforms-8649-field_11_3\" name=\"wpforms[fields][11]\" value=\"Neutro\" aria-errormessage=\"wpforms-8649-field_11_3-error\"  ><label class=\"wpforms-field-label-inline\" for=\"wpforms-8649-field_11_3\">Neutro<\/label><\/li><li class=\"choice-4 depth-1\"><input type=\"radio\" id=\"wpforms-8649-field_11_4\" name=\"wpforms[fields][11]\" value=\"Confort\u00e1vel\" aria-errormessage=\"wpforms-8649-field_11_4-error\"  ><label class=\"wpforms-field-label-inline\" for=\"wpforms-8649-field_11_4\">Confort\u00e1vel<\/label><\/li><li class=\"choice-5 depth-1\"><input type=\"radio\" id=\"wpforms-8649-field_11_5\" name=\"wpforms[fields][11]\" value=\"Confort\u00e1vel\" aria-errormessage=\"wpforms-8649-field_11_5-error\"  ><label class=\"wpforms-field-label-inline\" for=\"wpforms-8649-field_11_5\">Confort\u00e1vel<\/label><\/li><\/ul><\/fieldset><\/div><div id=\"wpforms-8649-field_12-container\" class=\"wpforms-field wpforms-field-radio\" data-field-id=\"12\"><fieldset><legend class=\"wpforms-field-label\">9. Como voc\u00ea avalia a limpeza e a organiza\u00e7\u00e3o das instala\u00e7\u00f5es da cl\u00ednica?<\/legend><ul id=\"wpforms-8649-field_12\"><li class=\"choice-1 depth-1\"><input type=\"radio\" id=\"wpforms-8649-field_12_1\" name=\"wpforms[fields][12]\" value=\"Muito Sujas e Desorganizadas\" aria-errormessage=\"wpforms-8649-field_12_1-error\"  ><label class=\"wpforms-field-label-inline\" for=\"wpforms-8649-field_12_1\">Muito Sujas e Desorganizadas<\/label><\/li><li class=\"choice-2 depth-1\"><input type=\"radio\" id=\"wpforms-8649-field_12_2\" name=\"wpforms[fields][12]\" value=\"Sujas e Desorganizadas\" aria-errormessage=\"wpforms-8649-field_12_2-error\"  ><label class=\"wpforms-field-label-inline\" for=\"wpforms-8649-field_12_2\">Sujas e Desorganizadas<\/label><\/li><li class=\"choice-3 depth-1\"><input type=\"radio\" id=\"wpforms-8649-field_12_3\" name=\"wpforms[fields][12]\" value=\"Neutras\" aria-errormessage=\"wpforms-8649-field_12_3-error\"  ><label class=\"wpforms-field-label-inline\" for=\"wpforms-8649-field_12_3\">Neutras<\/label><\/li><li class=\"choice-4 depth-1\"><input type=\"radio\" id=\"wpforms-8649-field_12_4\" name=\"wpforms[fields][12]\" value=\"Limpas e Organizadas\" aria-errormessage=\"wpforms-8649-field_12_4-error\"  ><label class=\"wpforms-field-label-inline\" for=\"wpforms-8649-field_12_4\">Limpas e Organizadas<\/label><\/li><li class=\"choice-5 depth-1\"><input type=\"radio\" id=\"wpforms-8649-field_12_5\" name=\"wpforms[fields][12]\" value=\"Muito Limpas e Organizadas\" aria-errormessage=\"wpforms-8649-field_12_5-error\"  ><label class=\"wpforms-field-label-inline\" for=\"wpforms-8649-field_12_5\">Muito Limpas e Organizadas<\/label><\/li><\/ul><\/fieldset><\/div><div id=\"wpforms-8649-field_13-container\" class=\"wpforms-field wpforms-field-textarea\" data-field-id=\"13\"><label class=\"wpforms-field-label\" for=\"wpforms-8649-field_13\">10. Voc\u00ea enfrentou algum problema ou dificuldade durante a sua experi\u00eancia na cl\u00ednica? Se sim, por favor, descreva brevemente. (Opcional)<\/label><textarea id=\"wpforms-8649-field_13\" class=\"wpforms-field-medium\" name=\"wpforms[fields][13]\" aria-errormessage=\"wpforms-8649-field_13-error\" ><\/textarea><\/div><div id=\"wpforms-8649-field_14-container\" class=\"wpforms-field wpforms-field-textarea\" data-field-id=\"14\"><label class=\"wpforms-field-label\" for=\"wpforms-8649-field_14\">11. Coment\u00e1rios e Sugest\u00f5es: Por favor, compartilhe quaisquer coment\u00e1rios, sugest\u00f5es ou aspectos que voc\u00ea acha que poder\u00edamos melhorar em nossa cl\u00ednica.<\/label><textarea id=\"wpforms-8649-field_14\" class=\"wpforms-field-medium\" name=\"wpforms[fields][14]\" aria-errormessage=\"wpforms-8649-field_14-error\" ><\/textarea><\/div><\/div><!-- .wpforms-field-container --><div class=\"wpforms-submit-container\" ><input type=\"hidden\" name=\"wpforms[id]\" value=\"8649\"><input type=\"hidden\" name=\"wpforms[author]\" value=\"1\"><button type=\"submit\" name=\"wpforms[submit]\" id=\"wpforms-submit-8649\" class=\"wpforms-submit\" data-alt-text=\"Enviando\u2026\" data-submit-text=\"Enviar\" aria-live=\"assertive\" value=\"wpforms-submit\">Enviar<\/button><img loading=\"lazy\" decoding=\"async\" src=\"https:\/\/oftalmedbrasil.com.br\/wp-content\/plugins\/wpforms-lite\/assets\/images\/submit-spin.svg\" class=\"wpforms-submit-spinner\" style=\"display: none;\" width=\"26\" height=\"26\" alt=\"Loading\"><\/div><\/form><\/div>  <!-- .wpforms-container --><\/div>\n<\/div>\n","protected":false},"excerpt":{"rendered":"<p>Prezado(a) Paciente,Agradecemos por escolher o Instituto de Olhos Oftalmend para cuidar da sua sa\u00fade ocular. Sua opini\u00e3o \u00e9 fundamental para podermos aprimorar nossos servi\u00e7os e oferecer um atendimento cada vez melhor. Por favor, responda \u00e0s seguintes perguntas, utilizando uma escala de 0 a 10, onde 0 significa &#8220;Muito Insatisfeito&#8221; e 10 significa &#8220;Muito Satisfeito&#8221;.<\/p>\n","protected":false},"author":1,"featured_media":0,"parent":0,"menu_order":0,"comment_status":"closed","ping_status":"closed","template":"","meta":{"footnotes":""},"class_list":["post-8700","page","type-page","status-publish","hentry"],"_links":{"self":[{"href":"https:\/\/oftalmedbrasil.com.br\/index.php?rest_route=\/wp\/v2\/pages\/8700","targetHints":{"allow":["GET"]}}],"collection":[{"href":"https:\/\/oftalmedbrasil.com.br\/index.php?rest_route=\/wp\/v2\/pages"}],"about":[{"href":"https:\/\/oftalmedbrasil.com.br\/index.php?rest_route=\/wp\/v2\/types\/page"}],"author":[{"embeddable":true,"href":"https:\/\/oftalmedbrasil.com.br\/index.php?rest_route=\/wp\/v2\/users\/1"}],"replies":[{"embeddable":true,"href":"https:\/\/oftalmedbrasil.com.br\/index.php?rest_route=%2Fwp%2Fv2%2Fcomments&post=8700"}],"version-history":[{"count":6,"href":"https:\/\/oftalmedbrasil.com.br\/index.php?rest_route=\/wp\/v2\/pages\/8700\/revisions"}],"predecessor-version":[{"id":8814,"href":"https:\/\/oftalmedbrasil.com.br\/index.php?rest_route=\/wp\/v2\/pages\/8700\/revisions\/8814"}],"wp:attachment":[{"href":"https:\/\/oftalmedbrasil.com.br\/index.php?rest_route=%2Fwp%2Fv2%2Fmedia&parent=8700"}],"curies":[{"name":"wp","href":"https:\/\/api.w.org\/{rel}","templated":true}]}}