{"id":9097,"date":"2024-03-15T15:27:09","date_gmt":"2024-03-15T18:27:09","guid":{"rendered":"https:\/\/oftalmedbrasil.com.br\/?page_id=9097"},"modified":"2024-03-31T17:27:28","modified_gmt":"2024-03-31T20:27:28","slug":"injecoes-intravitreas","status":"publish","type":"page","link":"https:\/\/oftalmedbrasil.com.br\/?page_id=9097","title":{"rendered":"Inje\u00e7\u00f5es Intrav\u00edtreas"},"content":{"rendered":"","protected":false},"excerpt":{"rendered":"","protected":false},"author":1,"featured_media":0,"parent":0,"menu_order":0,"comment_status":"closed","ping_status":"closed","template":"","meta":{"footnotes":""},"class_list":["post-9097","page","type-page","status-publish","hentry"],"_links":{"self":[{"href":"https:\/\/oftalmedbrasil.com.br\/index.php?rest_route=\/wp\/v2\/pages\/9097","targetHints":{"allow":["GET"]}}],"collection":[{"href":"https:\/\/oftalmedbrasil.com.br\/index.php?rest_route=\/wp\/v2\/pages"}],"about":[{"href":"https:\/\/oftalmedbrasil.com.br\/index.php?rest_route=\/wp\/v2\/types\/page"}],"author":[{"embeddable":true,"href":"https:\/\/oftalmedbrasil.com.br\/index.php?rest_route=\/wp\/v2\/users\/1"}],"replies":[{"embeddable":true,"href":"https:\/\/oftalmedbrasil.com.br\/index.php?rest_route=%2Fwp%2Fv2%2Fcomments&post=9097"}],"version-history":[{"count":4,"href":"https:\/\/oftalmedbrasil.com.br\/index.php?rest_route=\/wp\/v2\/pages\/9097\/revisions"}],"predecessor-version":[{"id":9357,"href":"https:\/\/oftalmedbrasil.com.br\/index.php?rest_route=\/wp\/v2\/pages\/9097\/revisions\/9357"}],"wp:attachment":[{"href":"https:\/\/oftalmedbrasil.com.br\/index.php?rest_route=%2Fwp%2Fv2%2Fmedia&parent=9097"}],"curies":[{"name":"wp","href":"https:\/\/api.w.org\/{rel}","templated":true}]}}